{"id":433,"date":"2020-02-25T11:36:27","date_gmt":"2020-02-25T11:36:27","guid":{"rendered":"https:\/\/nubarrones.com\/?page_id=433"},"modified":"2020-03-04T08:28:27","modified_gmt":"2020-03-04T08:28:27","slug":"valvulas","status":"publish","type":"page","link":"https:\/\/rodalsa.net\/index.php\/valvulas\/","title":{"rendered":"V\u00e1lvulas"},"content":{"rendered":"\t\t<div data-elementor-type=\"wp-page\" data-elementor-id=\"433\" class=\"elementor elementor-433\" data-elementor-settings=\"[]\">\n\t\t\t\t\t\t<div class=\"elementor-inner\">\n\t\t\t\t\t\t\t<div class=\"elementor-section-wrap\">\n\t\t\t\t\t\t\t<section class=\"elementor-section elementor-top-section elementor-element elementor-element-48c22209 elementor-section-height-min-height elementor-section-boxed elementor-section-height-default elementor-section-items-middle\" data-id=\"48c22209\" data-element_type=\"section\" data-settings=\"{&quot;background_background&quot;:&quot;classic&quot;}\">\n\t\t\t\t\t\t\t<div class=\"elementor-background-overlay\"><\/div>\n\t\t\t\t\t\t\t<div class=\"elementor-container elementor-column-gap-default\">\n\t\t\t\t\t\t\t<div class=\"elementor-row\">\n\t\t\t\t\t<div class=\"elementor-column elementor-col-100 elementor-top-column elementor-element elementor-element-4a37a49d\" data-id=\"4a37a49d\" data-element_type=\"column\">\n\t\t\t<div class=\"elementor-column-wrap elementor-element-populated\">\n\t\t\t\t\t\t\t<div class=\"elementor-widget-wrap\">\n\t\t\t\t\t\t<div class=\"elementor-element elementor-element-10f702a elementor-widget elementor-widget-heading\" data-id=\"10f702a\" data-element_type=\"widget\" data-widget_type=\"heading.default\">\n\t\t\t\t<div class=\"elementor-widget-container\">\n\t\t\t<h2 class=\"elementor-heading-title elementor-size-large\">V\u00e1lvulas<\/h2>\t\t<\/div>\n\t\t\t\t<\/div>\n\t\t\t\t<div class=\"elementor-element elementor-element-544bdbaf elementor-widget-divider--view-line elementor-widget elementor-widget-divider\" data-id=\"544bdbaf\" data-element_type=\"widget\" data-widget_type=\"divider.default\">\n\t\t\t\t<div class=\"elementor-widget-container\">\n\t\t\t\t\t<div class=\"elementor-divider\">\n\t\t\t<span class=\"elementor-divider-separator\">\n\t\t\t\t\t\t<\/span>\n\t\t<\/div>\n\t\t\t\t<\/div>\n\t\t\t\t<\/div>\n\t\t\t\t\t\t<\/div>\n\t\t\t\t\t<\/div>\n\t\t<\/div>\n\t\t\t\t\t\t\t\t<\/div>\n\t\t\t\t\t<\/div>\n\t\t<\/section>\n\t\t\t\t<section class=\"elementor-section elementor-top-section elementor-element elementor-element-6460383a elementor-section-height-min-height elementor-section-content-middle elementor-section-boxed elementor-section-height-default elementor-section-items-middle\" data-id=\"6460383a\" data-element_type=\"section\" data-settings=\"{&quot;background_background&quot;:&quot;classic&quot;}\">\n\t\t\t\t\t\t<div class=\"elementor-container elementor-column-gap-default\">\n\t\t\t\t\t\t\t<div class=\"elementor-row\">\n\t\t\t\t\t<div class=\"elementor-column elementor-col-50 elementor-top-column elementor-element elementor-element-76d80fca\" data-id=\"76d80fca\" data-element_type=\"column\">\n\t\t\t<div class=\"elementor-column-wrap elementor-element-populated\">\n\t\t\t\t\t\t\t<div class=\"elementor-widget-wrap\">\n\t\t\t\t\t\t<div class=\"elementor-element elementor-element-16d1b505 elementor-widget-divider--view-line elementor-widget elementor-widget-divider\" data-id=\"16d1b505\" data-element_type=\"widget\" data-widget_type=\"divider.default\">\n\t\t\t\t<div class=\"elementor-widget-container\">\n\t\t\t\t\t<div class=\"elementor-divider\">\n\t\t\t<span class=\"elementor-divider-separator\">\n\t\t\t\t\t\t<\/span>\n\t\t<\/div>\n\t\t\t\t<\/div>\n\t\t\t\t<\/div>\n\t\t\t\t<div class=\"elementor-element elementor-element-28b7f530 elementor-widget elementor-widget-heading\" data-id=\"28b7f530\" data-element_type=\"widget\" data-widget_type=\"heading.default\">\n\t\t\t\t<div class=\"elementor-widget-container\">\n\t\t\t<h3 class=\"elementor-heading-title elementor-size-large\">DESCARGAR CAT\u00c1LOGOS\n<\/h3>\t\t<\/div>\n\t\t\t\t<\/div>\n\t\t\t\t<div class=\"elementor-element elementor-element-17eeea0f elementor-widget elementor-widget-heading\" data-id=\"17eeea0f\" data-element_type=\"widget\" data-widget_type=\"heading.default\">\n\t\t\t\t<div class=\"elementor-widget-container\">\n\t\t\t<p class=\"elementor-heading-title elementor-size-medium\"><a href=\"https:\/\/rodalsa.net\/wp-content\/uploads\/2020\/03\/v2en.pdf\" target=\"_blank\">V\u00c1LVULA BOLA ROSCADA EURO V2E<\/a><\/p>\t\t<\/div>\n\t\t\t\t<\/div>\n\t\t\t\t<div class=\"elementor-element elementor-element-2321195 elementor-widget elementor-widget-heading\" data-id=\"2321195\" data-element_type=\"widget\" data-widget_type=\"heading.default\">\n\t\t\t\t<div class=\"elementor-widget-container\">\n\t\t\t<p class=\"elementor-heading-title elementor-size-medium\"><a href=\"https:\/\/rodalsa.net\/wp-content\/uploads\/2020\/03\/airda-airsr.pdf\" target=\"_blank\">AIRDA-AIRSR<\/a><\/p>\t\t<\/div>\n\t\t\t\t<\/div>\n\t\t\t\t<div class=\"elementor-element elementor-element-a2c444b elementor-widget elementor-widget-heading\" data-id=\"a2c444b\" data-element_type=\"widget\" data-widget_type=\"heading.default\">\n\t\t\t\t<div class=\"elementor-widget-container\">\n\t\t\t<p class=\"elementor-heading-title elementor-size-medium\"><a href=\"https:\/\/rodalsa.net\/wp-content\/uploads\/2020\/03\/v3mn.pdf\" target=\"_blank\">V\u00c1LVULA BOLA ROSCADA V3m<\/a><\/p>\t\t<\/div>\n\t\t\t\t<\/div>\n\t\t\t\t<div class=\"elementor-element elementor-element-d82189e elementor-widget elementor-widget-heading\" data-id=\"d82189e\" data-element_type=\"widget\" data-widget_type=\"heading.default\">\n\t\t\t\t<div class=\"elementor-widget-container\">\n\t\t\t<p class=\"elementor-heading-title elementor-size-medium\"><a href=\"https:\/\/rodalsa.net\/wp-content\/uploads\/2020\/03\/val1.pdf\" target=\"_blank\">VAL1<\/a><\/p>\t\t<\/div>\n\t\t\t\t<\/div>\n\t\t\t\t<div class=\"elementor-element elementor-element-0873f8c elementor-widget elementor-widget-heading\" data-id=\"0873f8c\" data-element_type=\"widget\" data-widget_type=\"heading.default\">\n\t\t\t\t<div class=\"elementor-widget-container\">\n\t\t\t<p class=\"elementor-heading-title elementor-size-medium\"><a href=\"https:\/\/rodalsa.net\/wp-content\/uploads\/2020\/03\/valacc.pdf\" target=\"_blank\">VALACC\n<\/a><\/p>\t\t<\/div>\n\t\t\t\t<\/div>\n\t\t\t\t<div class=\"elementor-element elementor-element-adb243c elementor-widget elementor-widget-heading\" data-id=\"adb243c\" data-element_type=\"widget\" data-widget_type=\"heading.default\">\n\t\t\t\t<div class=\"elementor-widget-container\">\n\t\t\t<p class=\"elementor-heading-title elementor-size-medium\"><a href=\"https:\/\/rodalsa.net\/wp-content\/uploads\/2020\/03\/valcon.pdf\" target=\"_blank\">VALCON\n<\/a><\/p>\t\t<\/div>\n\t\t\t\t<\/div>\n\t\t\t\t<div class=\"elementor-element elementor-element-14df93a elementor-widget elementor-widget-heading\" data-id=\"14df93a\" data-element_type=\"widget\" data-widget_type=\"heading.default\">\n\t\t\t\t<div class=\"elementor-widget-container\">\n\t\t\t<p class=\"elementor-heading-title elementor-size-medium\"><a href=\"https:\/\/rodalsa.net\/wp-content\/uploads\/2020\/03\/valino.pdf\" target=\"_blank\">V\u00c1LVULA BOLA CON BRIDASV3m VALINO<\/a><\/p>\t\t<\/div>\n\t\t\t\t<\/div>\n\t\t\t\t<div class=\"elementor-element elementor-element-167fa23 elementor-widget elementor-widget-heading\" data-id=\"167fa23\" data-element_type=\"widget\" data-widget_type=\"heading.default\">\n\t\t\t\t<div class=\"elementor-widget-container\">\n\t\t\t<p class=\"elementor-heading-title elementor-size-medium\"><a href=\"https:\/\/rodalsa.net\/wp-content\/uploads\/2020\/03\/valman.pdf\" target=\"_blank\">VALMAN<\/a><\/p>\t\t<\/div>\n\t\t\t\t<\/div>\n\t\t\t\t<div class=\"elementor-element elementor-element-e9f7b78 elementor-widget elementor-widget-heading\" data-id=\"e9f7b78\" data-element_type=\"widget\" data-widget_type=\"heading.default\">\n\t\t\t\t<div class=\"elementor-widget-container\">\n\t\t\t<p class=\"elementor-heading-title elementor-size-medium\"><a href=\"https:\/\/rodalsa.net\/wp-content\/uploads\/2020\/03\/valv2fp16.pdf\" target=\"_blank\">VAL2VFP16<\/a><\/p>\t\t<\/div>\n\t\t\t\t<\/div>\n\t\t\t\t<div class=\"elementor-element elementor-element-d74db8a elementor-widget elementor-widget-heading\" data-id=\"d74db8a\" data-element_type=\"widget\" data-widget_type=\"heading.default\">\n\t\t\t\t<div class=\"elementor-widget-container\">\n\t\t\t<p class=\"elementor-heading-title elementor-size-medium\"><a href=\"https:\/\/rodalsa.net\/wp-content\/uploads\/2020\/03\/valv2fp16.pdf\" target=\"_blank\">VAL2VFP40<\/a><\/p>\t\t<\/div>\n\t\t\t\t<\/div>\n\t\t\t\t<div class=\"elementor-element elementor-element-1cd8fd7 elementor-widget elementor-widget-heading\" data-id=\"1cd8fd7\" data-element_type=\"widget\" data-widget_type=\"heading.default\">\n\t\t\t\t<div class=\"elementor-widget-container\">\n\t\t\t<p class=\"elementor-heading-title elementor-size-medium\"><a href=\"https:\/\/rodalsa.net\/wp-content\/uploads\/2020\/03\/valvulas.pdf\" target=\"_blank\">V\u00c1LVULAS<\/a><\/p>\t\t<\/div>\n\t\t\t\t<\/div>\n\t\t\t\t<div class=\"elementor-element elementor-element-531f80d elementor-widget elementor-widget-heading\" data-id=\"531f80d\" data-element_type=\"widget\" data-widget_type=\"heading.default\">\n\t\t\t\t<div class=\"elementor-widget-container\">\n\t\t\t<p class=\"elementor-heading-title elementor-size-medium\"><a href=\"https:\/\/rodalsa.net\/wp-content\/uploads\/2020\/03\/W205.pdf\" target=\"_blank\">W205<\/a><\/p>\t\t<\/div>\n\t\t\t\t<\/div>\n\t\t\t\t\t\t<\/div>\n\t\t\t\t\t<\/div>\n\t\t<\/div>\n\t\t\t\t<div class=\"elementor-column elementor-col-50 elementor-top-column elementor-element elementor-element-55401e65\" data-id=\"55401e65\" data-element_type=\"column\">\n\t\t\t<div class=\"elementor-column-wrap elementor-element-populated\">\n\t\t\t\t\t\t\t<div class=\"elementor-widget-wrap\">\n\t\t\t\t\t\t<div class=\"elementor-element elementor-element-4bfdcfdf elementor-widget elementor-widget-image\" data-id=\"4bfdcfdf\" data-element_type=\"widget\" data-widget_type=\"image.default\">\n\t\t\t\t<div class=\"elementor-widget-container\">\n\t\t\t\t\t\t\t\t<div class=\"elementor-image\">\n\t\t\t\t\t\t\t\t\t\t\t\t<img width=\"310\" height=\"210\" src=\"https:\/\/rodalsa.net\/wp-content\/uploads\/2020\/03\/imag-seccion-valvulas.jpg\" class=\"attachment-full size-full\" alt=\"\" loading=\"lazy\" srcset=\"https:\/\/rodalsa.net\/wp-content\/uploads\/2020\/03\/imag-seccion-valvulas.jpg 310w, https:\/\/rodalsa.net\/wp-content\/uploads\/2020\/03\/imag-seccion-valvulas-300x203.jpg 300w\" sizes=\"(max-width: 310px) 100vw, 310px\" \/>\t\t\t\t\t\t\t\t\t\t\t\t\t\t<\/div>\n\t\t\t\t\t\t<\/div>\n\t\t\t\t<\/div>\n\t\t\t\t\t\t<\/div>\n\t\t\t\t\t<\/div>\n\t\t<\/div>\n\t\t\t\t\t\t\t\t<\/div>\n\t\t\t\t\t<\/div>\n\t\t<\/section>\n\t\t\t\t\t\t<\/div>\n\t\t\t\t\t\t<\/div>\n\t\t\t\t\t<\/div>\n\t\t","protected":false},"excerpt":{"rendered":"<p>V\u00e1lvulas DESCARGAR CAT\u00c1LOGOS V\u00c1LVULA BOLA ROSCADA EURO V2E AIRDA-AIRSR V\u00c1LVULA BOLA ROSCADA V3m VAL1 VALACC VALCON V\u00c1LVULA BOLA CON BRIDASV3m VALINO VALMAN VAL2VFP16 VAL2VFP40 V\u00c1LVULAS W205<\/p>\n","protected":false},"author":1,"featured_media":0,"parent":0,"menu_order":0,"comment_status":"closed","ping_status":"closed","template":"elementor_header_footer","meta":[],"_links":{"self":[{"href":"https:\/\/rodalsa.net\/index.php\/wp-json\/wp\/v2\/pages\/433"}],"collection":[{"href":"https:\/\/rodalsa.net\/index.php\/wp-json\/wp\/v2\/pages"}],"about":[{"href":"https:\/\/rodalsa.net\/index.php\/wp-json\/wp\/v2\/types\/page"}],"author":[{"embeddable":true,"href":"https:\/\/rodalsa.net\/index.php\/wp-json\/wp\/v2\/users\/1"}],"replies":[{"embeddable":true,"href":"https:\/\/rodalsa.net\/index.php\/wp-json\/wp\/v2\/comments?post=433"}],"version-history":[{"count":5,"href":"https:\/\/rodalsa.net\/index.php\/wp-json\/wp\/v2\/pages\/433\/revisions"}],"predecessor-version":[{"id":1183,"href":"https:\/\/rodalsa.net\/index.php\/wp-json\/wp\/v2\/pages\/433\/revisions\/1183"}],"wp:attachment":[{"href":"https:\/\/rodalsa.net\/index.php\/wp-json\/wp\/v2\/media?parent=433"}],"curies":[{"name":"wp","href":"https:\/\/api.w.org\/{rel}","templated":true}]}}